{"id":230,"date":"2022-05-30T18:30:53","date_gmt":"2022-05-30T18:30:53","guid":{"rendered":"https:\/\/gonili.com\/?page_id=230"},"modified":"2025-01-07T20:15:57","modified_gmt":"2025-01-07T20:15:57","slug":"faculty-staff","status":"publish","type":"page","link":"https:\/\/gonili.com\/es\/faculty-staff\/","title":{"rendered":"Personal docente"},"content":{"rendered":"<p>[et_pb_section fb_built=&#8221;1&#8243; _builder_version=&#8221;4.17.3&#8243; _module_preset=&#8221;default&#8221; background_image=&#8221;https:\/\/gonili.com\/wp-content\/uploads\/2022\/05\/istock_000016877184large-scaled.jpg&#8221; parallax=&#8221;on&#8221; parallax_method=&#8221;off&#8221; da_disable_devices=&#8221;off|off|off&#8221; global_colors_info=&#8221;{}&#8221; da_is_popup=&#8221;off&#8221; da_exit_intent=&#8221;off&#8221; da_has_close=&#8221;on&#8221; da_alt_close=&#8221;off&#8221; da_dark_close=&#8221;off&#8221; da_not_modal=&#8221;on&#8221; da_is_singular=&#8221;off&#8221; da_with_loader=&#8221;off&#8221; da_has_shadow=&#8221;on&#8221;][et_pb_row _builder_version=&#8221;4.17.3&#8243; _module_preset=&#8221;default&#8221; global_colors_info=&#8221;{}&#8221;][et_pb_column type=&#8221;4_4&#8243; _builder_version=&#8221;4.17.3&#8243; _module_preset=&#8221;default&#8221; global_colors_info=&#8221;{}&#8221;][et_pb_text _builder_version=&#8221;4.17.3&#8243; _dynamic_attributes=&#8221;content&#8221; _module_preset=&#8221;default&#8221; text_font=&#8221;|||on|||||&#8221; text_text_color=&#8221;#FFFFFF&#8221; text_font_size=&#8221;40px&#8221; text_line_height=&#8221;1em&#8221; text_orientation=&#8221;center&#8221; custom_padding=&#8221;70px||70px||true|false&#8221; text_line_height_tablet=&#8221;1em&#8221; text_line_height_phone=&#8221;1em&#8221; text_line_height_last_edited=&#8221;on|phone&#8221; text_text_shadow_style=&#8221;preset1&#8243; global_colors_info=&#8221;{}&#8221;]@ET-DC@eyJkeW5hbWljIjp0cnVlLCJjb250ZW50IjoicG9zdF90aXRsZSIsInNldHRpbmdzIjp7ImJlZm9yZSI6IiIsImFmdGVyIjoiIn19@[\/et_pb_text][\/et_pb_column][\/et_pb_row][\/et_pb_section][et_pb_section fb_built=&#8221;1&#8243; _builder_version=&#8221;4.17.3&#8243; _module_preset=&#8221;default&#8221; da_disable_devices=&#8221;off|off|off&#8221; global_colors_info=&#8221;{}&#8221; da_is_popup=&#8221;off&#8221; da_exit_intent=&#8221;off&#8221; da_has_close=&#8221;on&#8221; da_alt_close=&#8221;off&#8221; da_dark_close=&#8221;off&#8221; da_not_modal=&#8221;on&#8221; da_is_singular=&#8221;off&#8221; da_with_loader=&#8221;off&#8221; da_has_shadow=&#8221;on&#8221;][et_pb_row _builder_version=&#8221;4.17.3&#8243; _module_preset=&#8221;default&#8221; custom_margin=&#8221;|auto|10px|auto||&#8221; custom_padding=&#8221;|10px|4px|10px|false|true&#8221; global_colors_info=&#8221;{}&#8221;][et_pb_column type=&#8221;4_4&#8243; _builder_version=&#8221;4.17.3&#8243; _module_preset=&#8221;default&#8221; global_colors_info=&#8221;{}&#8221;][et_pb_text _builder_version=&#8221;4.17.3&#8243; _module_preset=&#8221;default&#8221; text_font=&#8221;Merriweather|300|||||||&#8221; text_font_size=&#8221;22px&#8221; text_line_height=&#8221;1.8em&#8221; global_colors_info=&#8221;{}&#8221;]<\/p>\n<p><span>En NILI creemos en una formaci\u00f3n acad\u00e9mica de alta calidad. Nuestros profesores y personal tienen pasi\u00f3n por la ense\u00f1anza y te desafiar\u00e1n mientras te esfuerzas por alcanzar tus metas en el aprendizaje del idioma espa\u00f1ol.<\/span><\/p>\n<p>[\/et_pb_text][et_pb_divider color=&#8221;#000000&#8243; _builder_version=&#8221;4.17.3&#8243; _module_preset=&#8221;default&#8221; custom_margin=&#8221;||18px|||&#8221; global_colors_info=&#8221;{}&#8221;][\/et_pb_divider][\/et_pb_column][\/et_pb_row][et_pb_row column_structure=&#8221;1_3,2_3&#8243; _builder_version=&#8221;4.17.3&#8243; _module_preset=&#8221;default&#8221; min_height=&#8221;346.1px&#8221; custom_margin=&#8221;||60px||false|false&#8221; global_colors_info=&#8221;{}&#8221;][et_pb_column type=&#8221;1_3&#8243; _builder_version=&#8221;4.17.3&#8243; _module_preset=&#8221;default&#8221; global_colors_info=&#8221;{}&#8221;][et_pb_code _builder_version=&#8221;4.27.0&#8243; _module_preset=&#8221;default&#8221; background_image=&#8221;https:\/\/gonili.com\/wp-content\/uploads\/2025\/01\/Angel2-scaled.jpg&#8221; max_width=&#8221;264px&#8221; module_alignment=&#8221;center&#8221; height=&#8221;265px&#8221; locked=&#8221;off&#8221; global_colors_info=&#8221;{}&#8221;][\/et_pb_code][\/et_pb_column][et_pb_column type=&#8221;2_3&#8243; _builder_version=&#8221;4.17.3&#8243; _module_preset=&#8221;default&#8221; global_colors_info=&#8221;{}&#8221;][et_pb_text _builder_version=&#8221;4.17.3&#8243; _module_preset=&#8221;default&#8221; text_font=&#8221;Raleway|600|||||||&#8221; header_4_font=&#8221;Raleway|600|||||||&#8221; header_4_font_size=&#8221;20px&#8221; custom_margin=&#8221;||22px|||&#8221; global_colors_info=&#8221;{}&#8221;]<\/p>\n<h4>Angel Sigui<\/h4>\n<p>[\/et_pb_text][et_pb_text _builder_version=&#8221;4.27.0&#8243; _module_preset=&#8221;default&#8221; text_font=&#8221;Merriweather||||||||&#8221; link_text_color=&#8221;#0C71C3&#8243; custom_padding=&#8221;|0px|6px|0px|false|true&#8221; hover_enabled=&#8221;0&#8243; global_colors_info=&#8221;{}&#8221; sticky_enabled=&#8221;0&#8243;]<\/p>\n<div class=\"clearfix grpelem\" id=\"ppu4009-3\">\n<div class=\"clearfix colelem\" id=\"pu4028-41\">\n<div class=\"clearfix grpelem\" id=\"u4028-41\">\n<div class=\"clearfix colelem\" id=\"u4700-4\">\n<p>Director de NILI<\/p>\n<p>&nbsp;<\/p>\n<\/div>\n<div class=\"clearfix colelem\" id=\"u4688-4\">\n<p>Angel es misionero en el Campo Andino del Norte. Antes de su asignaci\u00f3n actual trabaj\u00f3 como traductor senior para Comunicaciones Globales para el Centro de Ministerio Global Nazareno en Lenexa, Kansas. Tiene m\u00e1s de 20 a\u00f1os de experiencia en las \u00e1reas de interpretaci\u00f3n y traducci\u00f3n para diferentes industrias como la m\u00e9dica, legal, empresarial y teol\u00f3gica. Naci\u00f3 en Guatemala, donde asisti\u00f3 a la escuela de m\u00fasica y se gradu\u00f3 como profesor de m\u00fasica.<\/p>\n<\/div>\n<\/div>\n<\/div>\n<\/div>\n<p>[\/et_pb_text][\/et_pb_column][\/et_pb_row][et_pb_row _builder_version=&#8221;4.17.3&#8243; _module_preset=&#8221;default&#8221; global_colors_info=&#8221;{}&#8221;][et_pb_column type=&#8221;4_4&#8243; _builder_version=&#8221;4.17.3&#8243; _module_preset=&#8221;default&#8221; global_colors_info=&#8221;{}&#8221;][et_pb_divider color=&#8221;#000000&#8243; _builder_version=&#8221;4.17.3&#8243; _module_preset=&#8221;default&#8221; custom_margin=&#8221;||-70px||false|false&#8221; locked=&#8221;off&#8221; global_colors_info=&#8221;{}&#8221;][\/et_pb_divider][\/et_pb_column][\/et_pb_row][et_pb_row column_structure=&#8221;1_3,2_3&#8243; _builder_version=&#8221;4.17.3&#8243; _module_preset=&#8221;default&#8221; min_height=&#8221;346.1px&#8221; custom_margin=&#8221;||60px||false|false&#8221; global_colors_info=&#8221;{}&#8221;][et_pb_column type=&#8221;1_3&#8243; _builder_version=&#8221;4.17.3&#8243; _module_preset=&#8221;default&#8221; global_colors_info=&#8221;{}&#8221;][et_pb_code _builder_version=&#8221;4.27.0&#8243; _module_preset=&#8221;default&#8221; background_image=&#8221;https:\/\/gonili.com\/wp-content\/uploads\/2025\/01\/Matt2.jpg&#8221; max_width=&#8221;264px&#8221; module_alignment=&#8221;center&#8221; height=&#8221;265px&#8221; hover_enabled=&#8221;0&#8243; locked=&#8221;off&#8221; global_colors_info=&#8221;{}&#8221; title_text=&#8221;Matt2&#8243; sticky_enabled=&#8221;0&#8243;][\/et_pb_code][\/et_pb_column][et_pb_column type=&#8221;2_3&#8243; _builder_version=&#8221;4.17.3&#8243; _module_preset=&#8221;default&#8221; global_colors_info=&#8221;{}&#8221;][et_pb_text _builder_version=&#8221;4.27.0&#8243; _module_preset=&#8221;default&#8221; text_font=&#8221;Raleway|600|||||||&#8221; header_4_font=&#8221;Raleway|600|||||||&#8221; header_4_font_size=&#8221;20px&#8221; custom_margin=&#8221;||22px|||&#8221; hover_enabled=&#8221;0&#8243; global_colors_info=&#8221;{}&#8221; sticky_enabled=&#8221;0&#8243;]<\/p>\n<h4><span>Matthew Hopster<\/span><\/h4>\n<p>[\/et_pb_text][et_pb_text _builder_version=&#8221;4.27.0&#8243; _module_preset=&#8221;default&#8221; text_font=&#8221;Merriweather||||||||&#8221; link_text_color=&#8221;#0C71C3&#8243; custom_padding=&#8221;|0px|6px|0px|false|true&#8221; hover_enabled=&#8221;0&#8243; global_colors_info=&#8221;{}&#8221; sticky_enabled=&#8221;0&#8243;]<\/p>\n<div class=\"clearfix grpelem\" id=\"ppu4009-3\">\n<div class=\"clearfix colelem\" id=\"pu4028-41\">\n<div class=\"clearfix grpelem\" id=\"u4028-41\">\n<div class=\"clearfix colelem\" id=\"u4700-4\">\n<p><span>NILI Staff<\/span><\/p>\n<p>&nbsp;<\/p>\n<\/div>\n<div class=\"clearfix colelem\" id=\"u4688-4\">\n<p><span>Matthew is an ordained pastor in the Church of the Nazarene, serving as a missionary in Quito, Ecuador. Matthew has many years of experience of working with youth and college age students, and is a former NILI student himself! He has a passion to be a support for those who are interested in learning a second language and believes that second language learning opens many opportunities for future ministry!\u00a0<\/span><\/p>\n<\/div>\n<\/div>\n<\/div>\n<\/div>\n<p>[\/et_pb_text][\/et_pb_column][\/et_pb_row][et_pb_row _builder_version=&#8221;4.17.3&#8243; _module_preset=&#8221;default&#8221; global_colors_info=&#8221;{}&#8221;][et_pb_column type=&#8221;4_4&#8243; _builder_version=&#8221;4.17.3&#8243; _module_preset=&#8221;default&#8221; global_colors_info=&#8221;{}&#8221;][et_pb_divider color=&#8221;#000000&#8243; _builder_version=&#8221;4.17.3&#8243; _module_preset=&#8221;default&#8221; custom_margin=&#8221;||-70px||false|false&#8221; locked=&#8221;off&#8221; global_colors_info=&#8221;{}&#8221;][\/et_pb_divider][\/et_pb_column][\/et_pb_row][et_pb_row column_structure=&#8221;1_3,2_3&#8243; _builder_version=&#8221;4.17.3&#8243; _module_preset=&#8221;default&#8221; global_colors_info=&#8221;{}&#8221;][et_pb_column type=&#8221;1_3&#8243; _builder_version=&#8221;4.17.3&#8243; _module_preset=&#8221;default&#8221; global_colors_info=&#8221;{}&#8221;][et_pb_code _builder_version=&#8221;4.27.0&#8243; _module_preset=&#8221;default&#8221; background_image=&#8221;https:\/\/gonili.com\/wp-content\/uploads\/2025\/01\/Andrea2.jpg&#8221; max_width=&#8221;264px&#8221; module_alignment=&#8221;center&#8221; height=&#8221;265px&#8221; locked=&#8221;off&#8221; global_colors_info=&#8221;{}&#8221;][\/et_pb_code][\/et_pb_column][et_pb_column type=&#8221;2_3&#8243; _builder_version=&#8221;4.17.3&#8243; _module_preset=&#8221;default&#8221; global_colors_info=&#8221;{}&#8221;][et_pb_text _builder_version=&#8221;4.17.4&#8243; _module_preset=&#8221;default&#8221; text_font=&#8221;Raleway|600|||||||&#8221; header_4_font=&#8221;Raleway|600|||||||&#8221; header_4_font_size=&#8221;20px&#8221; global_colors_info=&#8221;{}&#8221;]<\/p>\n<h4>Andr\u00e9a Hopster<\/h4>\n<p>[\/et_pb_text][et_pb_text _builder_version=&#8221;4.27.0&#8243; _module_preset=&#8221;default&#8221; text_font=&#8221;Merriweather||||||||&#8221; link_text_color=&#8221;#0C71C3&#8243; custom_padding=&#8221;|0px||0px|false|true&#8221; hover_enabled=&#8221;0&#8243; global_colors_info=&#8221;{}&#8221; sticky_enabled=&#8221;0&#8243;]<\/p>\n<div class=\"clearfix grpelem\" id=\"ppu4009-3\">\n<div class=\"clearfix colelem\" id=\"pu4028-41\">\n<div class=\"clearfix grpelem\" id=\"u4028-41\">\n<div class=\"clearfix grpelem\" id=\"pu5792\">\n<div class=\"clearfix colelem\" id=\"pu5868\">\n<div class=\"clearfix grpelem\" id=\"pu5799-4\">\n<div class=\"clearfix colelem\" id=\"u5800-7\">\n<div class=\"clearfix grpelem\" id=\"pu5792\">\n<div class=\"clearfix colelem\" id=\"pu5868\">\n<div class=\"clearfix grpelem\" id=\"pu5799-4\">\n<div class=\"clearfix colelem\" id=\"u5800-7\">\n<div class=\"clearfix colelem\" id=\"u4710-4\">\n<p><span>Program Coordinator \/ English Language Professor<\/span><\/p>\n<p>&nbsp;<\/p>\n<\/div>\n<div class=\"clearfix colelem\" id=\"u4708-4\">\n<p><span>Andr\u00e9a is a missionary with the Church of the Nazarene on the North Andean Field. Andr\u00e9a is the first person you may reach when you have questions about NILI, and she is excited to answer them all! She has a passion for second language learning and has recently begun teaching English to non-native speakers. She believes that with language learning, there are endless possibilities in both advancing your career and advancing the Kingdom of God!\u00a0<\/span><\/p>\n<\/div>\n<\/div>\n<\/div>\n<\/div>\n<\/div>\n<\/div>\n<\/div>\n<\/div>\n<\/div>\n<\/div>\n<\/div>\n<\/div>\n<p>[\/et_pb_text][\/et_pb_column][\/et_pb_row][et_pb_row _builder_version=&#8221;4.17.3&#8243; _module_preset=&#8221;default&#8221; custom_padding=&#8221;||0px|||&#8221; global_colors_info=&#8221;{}&#8221;][et_pb_column type=&#8221;4_4&#8243; _builder_version=&#8221;4.17.3&#8243; _module_preset=&#8221;default&#8221; global_colors_info=&#8221;{}&#8221;][et_pb_divider color=&#8221;#000000&#8243; _builder_version=&#8221;4.17.3&#8243; _module_preset=&#8221;default&#8221; custom_margin=&#8221;||18px|||&#8221; global_colors_info=&#8221;{}&#8221;][\/et_pb_divider][\/et_pb_column][\/et_pb_row][et_pb_row column_structure=&#8221;1_3,2_3&#8243; _builder_version=&#8221;4.17.3&#8243; _module_preset=&#8221;default&#8221; global_colors_info=&#8221;{}&#8221;][et_pb_column type=&#8221;1_3&#8243; _builder_version=&#8221;4.17.3&#8243; _module_preset=&#8221;default&#8221; global_colors_info=&#8221;{}&#8221;][et_pb_code _builder_version=&#8221;4.27.0&#8243; _module_preset=&#8221;default&#8221; background_image=&#8221;https:\/\/gonili.com\/wp-content\/uploads\/2025\/01\/Adriana2-Copy.jpg&#8221; max_width=&#8221;264px&#8221; module_alignment=&#8221;center&#8221; height=&#8221;265px&#8221; global_colors_info=&#8221;{}&#8221;][\/et_pb_code][\/et_pb_column][et_pb_column type=&#8221;2_3&#8243; _builder_version=&#8221;4.17.3&#8243; _module_preset=&#8221;default&#8221; global_colors_info=&#8221;{}&#8221;][et_pb_text _builder_version=&#8221;4.27.0&#8243; _module_preset=&#8221;default&#8221; text_font=&#8221;Raleway|600|||||||&#8221; header_4_font=&#8221;Raleway|600|||||||&#8221; header_4_font_size=&#8221;20px&#8221; hover_enabled=&#8221;0&#8243; global_colors_info=&#8221;{}&#8221; sticky_enabled=&#8221;0&#8243;]<\/p>\n<h4><span>Adriana Pi\u00f1afiel<\/span><\/h4>\n<p>[\/et_pb_text][et_pb_text _builder_version=&#8221;4.27.0&#8243; _module_preset=&#8221;default&#8221; text_font=&#8221;Merriweather||||||||&#8221; link_text_color=&#8221;#0C71C3&#8243; custom_padding=&#8221;|0px||0px|false|true&#8221; hover_enabled=&#8221;0&#8243; global_colors_info=&#8221;{}&#8221; sticky_enabled=&#8221;0&#8243;]<\/p>\n<div class=\"clearfix grpelem\" id=\"ppu4009-3\">\n<div class=\"clearfix colelem\" id=\"pu4028-41\">\n<div class=\"clearfix grpelem\" id=\"u4028-41\">\n<div class=\"clearfix grpelem\" id=\"pu5792\">\n<div class=\"clearfix colelem\" id=\"pu5868\">\n<div class=\"clearfix grpelem\" id=\"pu5799-4\">\n<div class=\"clearfix colelem\" id=\"u5800-7\">\n<div class=\"clearfix grpelem\" id=\"pu5792\">\n<div class=\"clearfix colelem\" id=\"pu5868\">\n<div class=\"clearfix grpelem\" id=\"pu5799-4\">\n<div class=\"clearfix colelem\" id=\"u5800-7\">\n<div class=\"clearfix colelem\" id=\"u4756-4\">\n<p><span>Academic Coordinator \/ Spanish Language Professor<\/span><\/p>\n<p><span>Adriana has a Master\u2019s in teaching foreigners Spanish and has been teaching Spanish for the past 16 years! Adriana has written our proprietary textbooks which have proved incredibly successful in helping students advance in their comprehension and conversation of the Spanish language! Her master\u2019s thesis was focused on teaching pastors, missionaries and lay leaders the Spanish language they need for their specific assignments. She received high marks and astonishment from her university in Madrid, Spain, who shared that they had never heard of such a focus in teaching the Spanish language!\u00a0<\/span><\/p>\n<\/div>\n<\/div>\n<\/div>\n<\/div>\n<\/div>\n<\/div>\n<\/div>\n<\/div>\n<\/div>\n<\/div>\n<\/div>\n<\/div>\n<p>[\/et_pb_text][\/et_pb_column][\/et_pb_row][et_pb_row _builder_version=&#8221;4.17.3&#8243; _module_preset=&#8221;default&#8221; custom_padding=&#8221;||0px|||&#8221; global_colors_info=&#8221;{}&#8221;][et_pb_column type=&#8221;4_4&#8243; _builder_version=&#8221;4.17.3&#8243; _module_preset=&#8221;default&#8221; global_colors_info=&#8221;{}&#8221;][et_pb_divider color=&#8221;#000000&#8243; _builder_version=&#8221;4.17.3&#8243; _module_preset=&#8221;default&#8221; custom_margin=&#8221;||18px|||&#8221; global_colors_info=&#8221;{}&#8221;][\/et_pb_divider][\/et_pb_column][\/et_pb_row][\/et_pb_section]<\/p>","protected":false},"excerpt":{"rendered":"<p>At NILI we believe in high quality academics. Our faculty and staff have a passion for teaching and will challenge you as you strive to achieve your goals in learning the Spanish language.Angel Sigui Director of NILI &nbsp; Angel is a missionary in the North Andean Field. Before his current assignment he worked as the [&hellip;]<\/p>","protected":false},"author":3,"featured_media":0,"parent":0,"menu_order":0,"comment_status":"closed","ping_status":"closed","template":"","meta":{"_et_pb_use_builder":"on","_et_pb_old_content":"<!-- wp:divi\/placeholder \/-->","_et_gb_content_width":"","footnotes":""},"class_list":["post-230","page","type-page","status-publish","hentry"],"_links":{"self":[{"href":"https:\/\/gonili.com\/es\/wp-json\/wp\/v2\/pages\/230","targetHints":{"allow":["GET"]}}],"collection":[{"href":"https:\/\/gonili.com\/es\/wp-json\/wp\/v2\/pages"}],"about":[{"href":"https:\/\/gonili.com\/es\/wp-json\/wp\/v2\/types\/page"}],"author":[{"embeddable":true,"href":"https:\/\/gonili.com\/es\/wp-json\/wp\/v2\/users\/3"}],"replies":[{"embeddable":true,"href":"https:\/\/gonili.com\/es\/wp-json\/wp\/v2\/comments?post=230"}],"version-history":[{"count":10,"href":"https:\/\/gonili.com\/es\/wp-json\/wp\/v2\/pages\/230\/revisions"}],"predecessor-version":[{"id":1027,"href":"https:\/\/gonili.com\/es\/wp-json\/wp\/v2\/pages\/230\/revisions\/1027"}],"wp:attachment":[{"href":"https:\/\/gonili.com\/es\/wp-json\/wp\/v2\/media?parent=230"}],"curies":[{"name":"wp","href":"https:\/\/api.w.org\/{rel}","templated":true}]}}